{"id":1224,"date":"2021-02-11T10:06:35","date_gmt":"2021-02-11T10:06:35","guid":{"rendered":"https:\/\/www.moisasociety.org\/?page_id=1224"},"modified":"2023-02-01T10:02:39","modified_gmt":"2023-02-01T10:02:39","slug":"about-us","status":"publish","type":"page","link":"https:\/\/www.moisasociety.org\/it\/about\/about-us\/","title":{"rendered":"Chi siamo"},"content":{"rendered":"<style type=\"text\/css\">\n.tg {float: left; width: 50%;font-family:Arial, sans-serif;font-size:14px;padding:0px 0px;overflow:hidden;word-break:normal;word-wrap:break-word;padding-right: 4%;\ntext-align:justify;border-collapse:collapse;border-spacing:0;}\n@media (max-width: 480px) {\n .tg{ width: 100% !important;\n }\n}\n@media (max-width: 600px) {\n .tg{ width: 100% !important;\n}\n}\n@media screen and (max-width: 1920px) and (min-width: 1400px) {\n .tg{ width: 50% !important; }\n}\n@media screen and (max-width: 1400px) and (min-width: 1200px) {\n .tg{ width: 50% !important; }\n}\n<\/style>\n<div class=\"tg\">\nMOISA: The International Society for the Study of Greek and Roman Music and its Cultural Heritage \u00e8 un\u2019associazione interdisciplinare che promuove la conservazione, l\u2019interpretazione e la valorizzazione del patrimonio musicale dei Greci e dei Romani, e della sua eredit\u00e0 culturale dal Medioevo all\u2019Et\u00e0 contemporanea.<\/p>\n<p>MOISA \u00e8 nata da un\u2019idea di Andrew Barker, che gi\u00e0 nel 1993 aveva identificato e messo in contatto tra loro gli studiosi di tutto il mondo interessati a tali argomenti, fondando una prima associazione, International Society for the Study of Greek and Roman Music, e realizzando la rivista cartacea Skytala Moisan. Nel 2006 l\u2019associazione \u00e8 stata rifondata, con il nome attuale, grazie alla collaborazione tra studiosi attivi in diversi paesi (UK, Italia, Canada e USA) e, nel 2007, \u00e8 stata formalizzata come associazione culturale no-profit con sede legale in Italia, a Ravenna, nel Dipartimento di Beni Culturali dell\u2019Universit\u00e0 di Bologna.<\/p>\n<p>Da allora, i membri di MOISA hanno superato il centinaio e i convegni, i seminari, le summer schools e gli altri eventi promossi o patrocinati dall\u2019Associazione si sono moltiplicati e intensificati di anno in anno, in modo esponenziale, aprendo nuove prospettive di ricerca, anche in relazione alla musica di altri popoli del mondo antico.\n<\/p>\n<\/div>\n<div class=\"tg\">\nGrazie all\u2019impegno dei fondatori e dei soci di MOISA, oggi la disciplina \u00e8 finalmente riconosciuta in campo accademico, ed \u00e8 divenuta argomento diffuso di studio da parte di antichisti, musicologi ed etnomusicologi, filosofi, antropologi, storici della scienza, archeologi, storici dell\u2019arte, e altri studiosi.<\/p>\n<p>Le attivit\u00e0 dell\u2019Associazione comprendono anche una bibliografia e un periodico semestrale. La bibliografia, De musicis, open access, iniziata nel 2000 da Gianfranco Mosconi, fino al 2020 \u00e8 stata curata dalla Dott.ssa Maggi Creese, che ha progettato di completarla anche rispetto al XX secolo. Attualmente \u00e8 curata dalla Dott.ssa Kamila Wyslucha. La rivista Greek and Roman Musical Studies (1, 2013-, Brill), fondata da Andrew Barker e attualmente diretta da Eleonora Rocconi, \u00e8 la prima e, per il momento, unica rivista specificamente dedicata a tale ambito di studi. \u00c8 indicizzata in ERIH PLUS e Scopus e dal 2019 \u00e8 stata inserita tra le riviste di classe A (per l\u2019ASN, in Italia).\n<\/p>\n<\/div>\n","protected":false},"excerpt":{"rendered":"<p>MOISA: The International Society for the Study of Greek and Roman Music and its Cultural Heritage \u00e8 un\u2019associazione interdisciplinare che promuove la conservazione, l\u2019interpretazione e la valorizzazione del patrimonio musicale dei Greci e dei Romani, e della sua eredit\u00e0 culturale dal Medioevo all\u2019Et\u00e0 contemporanea. MOISA \u00e8 nata da un\u2019idea di Andrew Barker, che gi\u00e0 nel [&hellip;]<\/p>\n","protected":false},"author":1,"featured_media":0,"parent":1218,"menu_order":0,"comment_status":"closed","ping_status":"closed","template":"","meta":{"footnotes":""},"class_list":["post-1224","page","type-page","status-publish","hentry"],"translation":{"provider":"WPGlobus","version":"3.0.2","language":"it","enabled_languages":["gb","it"],"languages":{"gb":{"title":true,"content":true,"excerpt":false},"it":{"title":true,"content":true,"excerpt":false}}},"_links":{"self":[{"href":"https:\/\/www.moisasociety.org\/it\/wp-json\/wp\/v2\/pages\/1224","targetHints":{"allow":["GET"]}}],"collection":[{"href":"https:\/\/www.moisasociety.org\/it\/wp-json\/wp\/v2\/pages"}],"about":[{"href":"https:\/\/www.moisasociety.org\/it\/wp-json\/wp\/v2\/types\/page"}],"author":[{"embeddable":true,"href":"https:\/\/www.moisasociety.org\/it\/wp-json\/wp\/v2\/users\/1"}],"replies":[{"embeddable":true,"href":"https:\/\/www.moisasociety.org\/it\/wp-json\/wp\/v2\/comments?post=1224"}],"version-history":[{"count":26,"href":"https:\/\/www.moisasociety.org\/it\/wp-json\/wp\/v2\/pages\/1224\/revisions"}],"predecessor-version":[{"id":1929,"href":"https:\/\/www.moisasociety.org\/it\/wp-json\/wp\/v2\/pages\/1224\/revisions\/1929"}],"up":[{"embeddable":true,"href":"https:\/\/www.moisasociety.org\/it\/wp-json\/wp\/v2\/pages\/1218"}],"wp:attachment":[{"href":"https:\/\/www.moisasociety.org\/it\/wp-json\/wp\/v2\/media?parent=1224"}],"curies":[{"name":"wp","href":"https:\/\/api.w.org\/{rel}","templated":true}]}}