{"id":1247,"date":"2021-02-11T16:31:42","date_gmt":"2021-02-11T16:31:42","guid":{"rendered":"https:\/\/www.moisasociety.org\/?page_id=1247"},"modified":"2024-09-23T14:05:05","modified_gmt":"2024-09-23T14:05:05","slug":"member-directory","status":"publish","type":"page","link":"https:\/\/www.moisasociety.org\/it\/member-directory\/","title":{"rendered":"Elenco membri"},"content":{"rendered":"<p style=\"color: darkslategray; text-align: justify; font-size: 110%; font-weight: 500;\">Gli utenti del sito MOISA possono prendere visione della attuale lista dei membri riportata qui sotto.\u00a0Per vedere il profilo di ciascun membro si prega di cliccare sul nome desiderato.<\/p>\n<p style=\"color: darkslategray; text-align: justify; font-size: 110%; font-weight: 500;\">I membri attivi di MOISA possono vedere l&#8217;indirizzo di email del membro.<\/p>\n<p><span style=\"color: #000080;\"><strong><span style=\"color: #003366;\">Membri Onorari:<\/span><\/strong><br \/>\n<\/span><span style=\"color: darkslategray; text-align: justify; font-size: 110%; font-weight: 500;\">F. Alberto Gallo (Universit\u00e0 di Bologna)<br \/>\nEgert P\u00f6hlmann (Institut f\u00fcr Alte Sprachen Uni Erlangen)<\/span><\/p>\n","protected":false},"excerpt":{"rendered":"<p>Gli utenti del sito MOISA possono prendere visione della attuale lista dei membri riportata qui sotto.\u00a0Per vedere il profilo di ciascun membro si prega di cliccare sul nome desiderato. I membri attivi di MOISA possono vedere l&#8217;indirizzo di email del membro. Membri Onorari: F. Alberto Gallo (Universit\u00e0 di Bologna) Egert P\u00f6hlmann (Institut f\u00fcr Alte Sprachen [&hellip;]<\/p>\n","protected":false},"author":1,"featured_media":0,"parent":0,"menu_order":0,"comment_status":"closed","ping_status":"closed","template":"Member_directory.php","meta":{"footnotes":""},"class_list":["post-1247","page","type-page","status-publish","hentry"],"translation":{"provider":"WPGlobus","version":"3.0.2","language":"it","enabled_languages":["gb","it"],"languages":{"gb":{"title":true,"content":true,"excerpt":false},"it":{"title":true,"content":true,"excerpt":false}}},"_links":{"self":[{"href":"https:\/\/www.moisasociety.org\/it\/wp-json\/wp\/v2\/pages\/1247","targetHints":{"allow":["GET"]}}],"collection":[{"href":"https:\/\/www.moisasociety.org\/it\/wp-json\/wp\/v2\/pages"}],"about":[{"href":"https:\/\/www.moisasociety.org\/it\/wp-json\/wp\/v2\/types\/page"}],"author":[{"embeddable":true,"href":"https:\/\/www.moisasociety.org\/it\/wp-json\/wp\/v2\/users\/1"}],"replies":[{"embeddable":true,"href":"https:\/\/www.moisasociety.org\/it\/wp-json\/wp\/v2\/comments?post=1247"}],"version-history":[{"count":13,"href":"https:\/\/www.moisasociety.org\/it\/wp-json\/wp\/v2\/pages\/1247\/revisions"}],"predecessor-version":[{"id":2222,"href":"https:\/\/www.moisasociety.org\/it\/wp-json\/wp\/v2\/pages\/1247\/revisions\/2222"}],"wp:attachment":[{"href":"https:\/\/www.moisasociety.org\/it\/wp-json\/wp\/v2\/media?parent=1247"}],"curies":[{"name":"wp","href":"https:\/\/api.w.org\/{rel}","templated":true}]}}