{"id":2319,"date":"2025-05-11T17:04:21","date_gmt":"2025-05-11T17:04:21","guid":{"rendered":"https:\/\/www.moisasociety.org\/?page_id=2319"},"modified":"2025-06-03T11:03:47","modified_gmt":"2025-06-03T11:03:47","slug":"16th_moisa_conference","status":"publish","type":"page","link":"https:\/\/www.moisasociety.org\/it\/16th_moisa_conference\/","title":{"rendered":""},"content":{"rendered":"<h6 style=\"text-align: center;\"><strong>16<sup>th<\/sup> MOISA International Conference<\/strong><\/h6>\n<h6 style=\"text-align: center;\"><strong>Music in Greek and Roman Antiquity: Memory and Identity<\/strong><\/h6>\n<h6 style=\"text-align: center;\">Vilnius, 16\u201318 June, 2025.<\/h6>\n<p>The 16<sup>th<\/sup> MOISA conference aims to explore the connections between music, memory, and identity in Greek and Roman Antiquity. Music played a significant role in maintaining and transmitting cultural memory, enabling people to recall the distant past, both mythological and historical. It allowed the ancients to distinguish between what they regarded as their own and what they attributed to the domain of others. Through rhythmic and metric patterns, along with phonetic nuances, music served as a mnemonic tool, guarding against forgetfulness and facilitating the recollection of the past. Iconographic representations, literary works and realia shed light on the diverse traditions and underlying rationale for the use of specific instruments and practices, such as in warfare, religious rituals, or public performances. The role of music also benefits from exploration in terms of physical memory, including perspectives from medical and physiological studies.<\/p>\n<p><strong>Conference Themes<\/strong><\/p>\n<ul>\n<li><strong>Music and Cultural Memory. <\/strong>The role of music in shaping, sustaining, and expressing diverse aspects of cultural memory.<\/li>\n<li><strong>Musical Traditions and Cultural Identity. <\/strong>Examining how varying preferences for musical instruments, styles, and customs \u2013 and the critiques surrounding them \u2013 reflect broader cultural identities and their crossroads.<\/li>\n<li><strong>Music and Memory in Medicine. <\/strong>The role of music in ancient medical practices, particularly its usage as a tool for memory enhancement and healing.<\/li>\n<li><strong>Religion, Rite and Ceremony.<\/strong> The role of music in religious rites, state ceremonies, and public festivals, emphasising its impact on individual or communal identity; re-examining recollection of the divine realm through a range of diverse testimonies, and connecting these narratives to the memories of human experience.<\/li>\n<li><strong>Musical Spaces and Performances.<\/strong> The significance of performance venues, both public and private, and their role in shaping cultural memory and identity.<\/li>\n<li><strong>Transmission of Musical Knowledge.<\/strong> The role of oral and written traditions in the dissemination of musical practices and their influence on memory and identity.<\/li>\n<li><strong>Legacy of Ancient Music in Shaping Modern Identities. <\/strong>Exploring how the memory of the soundscapes of Greek and Roman Antiquity contributed to shaping modern identities and influenced cultural expressions.<\/li>\n<\/ul>\n<p><strong>Venues:<\/strong>\u00a0Vilnius University (Aula Parva), Palace of the Grand Dukes of Lithuania (Auditorium)<\/p>\n<p><strong>Conference language<\/strong>: English<\/p>\n<p><strong>Scientific Committee:<\/strong><\/p>\n<p>Daniela Castaldo (MOISA President, University of Salento, Italy); \u0160ar\u016bnas \u0160av\u0117la (Vilnius University, Lithuania); Diego Ardoino (Vilnius University, Lithuania); Vilius Bartninkas (Vilnius University, Lithuania); Naglis Kardelis (Vilnius University, Lithuania); Sylvain Perrot (Centre National de la Recherche Scientifique, Strasbourg, France); Stelios Psaroudakes (The National &amp; Kapodistrian University of Athens, Greece); Donatella Restani (University of Bologna, Italy); Eleonora Rocconi (University of Pavia, Italy); Alessia Zangrando (University of Bologna, Italy).<\/p>\n<p><strong>Organising Committee:<\/strong> \u0160ar\u016bnas \u0160av\u0117la (Vilnius University), Daiva Mitrulevi\u010di\u016bt\u0117 (The Palace of the Grand Dukes of Lithuania), Migl\u0117 Mili\u016bnait\u0117 (Lithuanian Culture Research Institute), Matteo Notari (Vilnius University).<\/p>\n<p>More information can be found here:<\/p>\n<figure id=\"attachment_2679\" aria-describedby=\"caption-attachment-2679\" style=\"width: 155px\" class=\"wp-caption alignleft\"><a href=\"https:\/\/www.moisasociety.org\/wp-content\/uploads\/2025\/06\/16th-MOISA-conference-BoA.pdf\"><img loading=\"lazy\" decoding=\"async\" class=\"wp-image-2679\" src=\"https:\/\/nen1314nel.moisasociety.org\/wp-content\/uploads\/2025\/05\/pdf-icon.png\" alt=\"\" width=\"155\" height=\"155\" \/><\/a><figcaption id=\"caption-attachment-2679\" class=\"wp-caption-text\">BOOK OF ABSTRACTS<\/figcaption><\/figure>\n<figure id=\"attachment_2679\" aria-describedby=\"caption-attachment-2679\" style=\"width: 152px\" class=\"wp-caption alignleft\"><a href=\"https:\/\/www.moisasociety.org\/wp-content\/uploads\/2025\/06\/16th-MOISA-conference-flyer.pdf\"><img loading=\"lazy\" decoding=\"async\" class=\"wp-image-2679\" src=\"https:\/\/nen1314nel.moisasociety.org\/wp-content\/uploads\/2025\/05\/pdf-icon.png\" alt=\"\" width=\"152\" height=\"152\" \/><\/a><figcaption id=\"caption-attachment-2679\" class=\"wp-caption-text\">FLYER<\/figcaption><\/figure>\n<figure id=\"attachment_2679\" aria-describedby=\"caption-attachment-2679\" style=\"width: 154px\" class=\"wp-caption alignleft\"><a href=\"https:\/\/www.moisasociety.org\/wp-content\/uploads\/2025\/05\/16th-MOISA-confence-\u2013-Poster.pdf\"><img loading=\"lazy\" decoding=\"async\" class=\"wp-image-2679\" src=\"https:\/\/nen1314nel.moisasociety.org\/wp-content\/uploads\/2025\/05\/pdf-icon.png\" alt=\"\" width=\"154\" height=\"154\" \/><\/a><figcaption id=\"caption-attachment-2679\" class=\"wp-caption-text\">POSTER<\/figcaption><\/figure>\n","protected":false},"excerpt":{"rendered":"<p>16th MOISA International Conference Music in Greek and Roman Antiquity: Memory and Identity Vilnius, 16\u201318 June, 2025. The 16th MOISA conference aims to explore the connections between music, memory, and identity in Greek and Roman Antiquity. Music played a significant role in maintaining and transmitting cultural memory, enabling people to recall the distant past, both [&hellip;]<\/p>\n","protected":false},"author":1,"featured_media":0,"parent":0,"menu_order":0,"comment_status":"closed","ping_status":"closed","template":"","meta":{"footnotes":""},"class_list":["post-2319","page","type-page","status-publish","hentry"],"translation":{"provider":"WPGlobus","version":"3.0.2","language":"it","enabled_languages":["gb","it"],"languages":{"gb":{"title":false,"content":true,"excerpt":false},"it":{"title":false,"content":false,"excerpt":false}}},"_links":{"self":[{"href":"https:\/\/www.moisasociety.org\/it\/wp-json\/wp\/v2\/pages\/2319","targetHints":{"allow":["GET"]}}],"collection":[{"href":"https:\/\/www.moisasociety.org\/it\/wp-json\/wp\/v2\/pages"}],"about":[{"href":"https:\/\/www.moisasociety.org\/it\/wp-json\/wp\/v2\/types\/page"}],"author":[{"embeddable":true,"href":"https:\/\/www.moisasociety.org\/it\/wp-json\/wp\/v2\/users\/1"}],"replies":[{"embeddable":true,"href":"https:\/\/www.moisasociety.org\/it\/wp-json\/wp\/v2\/comments?post=2319"}],"version-history":[{"count":8,"href":"https:\/\/www.moisasociety.org\/it\/wp-json\/wp\/v2\/pages\/2319\/revisions"}],"predecessor-version":[{"id":2389,"href":"https:\/\/www.moisasociety.org\/it\/wp-json\/wp\/v2\/pages\/2319\/revisions\/2389"}],"wp:attachment":[{"href":"https:\/\/www.moisasociety.org\/it\/wp-json\/wp\/v2\/media?parent=2319"}],"curies":[{"name":"wp","href":"https:\/\/api.w.org\/{rel}","templated":true}]}}